{"id":35,"date":"2010-08-26T17:00:48","date_gmt":"2010-08-26T15:00:48","guid":{"rendered":"http:\/\/www.carolapojer.com\/?page_id=35"},"modified":"2014-10-17T09:03:30","modified_gmt":"2014-10-17T07:03:30","slug":"audio","status":"publish","type":"page","link":"https:\/\/www.carolapojer.com\/?page_id=35","title":{"rendered":"AUDIO"},"content":{"rendered":"<p>&nbsp;<br \/>\n<a href=\"http:\/\/www.carolapojer.com\/wp-content\/uploads\/2014\/10\/NL0914HF.mp3\">NEWS LEBEN<\/a> \/\/ H\u00f6rfunk Spot 2014<br \/>\n&nbsp;<br \/>\n<a href=\"http:\/\/www.carolapojer.com\/wp-content\/uploads\/2014\/10\/HF25s_Expert_keineGeschenke1_1.mp3\">EXPERT<\/a> \/\/ H\u00f6rfunk Spot<br \/>\n&nbsp;<br \/>\n<a href=\"http:\/\/www.carolapojer.com\/wp-content\/uploads\/2013\/12\/NL1213HF.mp3\">NEWS LEBEN<\/a> \/\/ H\u00f6rfunk Spot<br \/>\n&nbsp;<\/p>\n<p><a href=\"http:\/\/www.carolapojer.com\/wp-content\/uploads\/2013\/12\/HF_Steiererkraft_10_13.mp3\">STEIRERKRAFT<\/a> \/\/ H\u00f6rfunk Spot <\/p>\n<p>&nbsp;<\/p>\n<p>H\u00f6rfunkspot Demo <a href=\"http:\/\/www.carolapojer.com\/wp-content\/uploads\/2012\/11\/Pojer_Carola_OFF.mp3\"><strong>EINS<\/strong><\/a><\/p>\n<p>&nbsp;<\/p>\n<p>H\u00f6rfunkspot Demo\u00a0<a href=\"http:\/\/www.carolapojer.com\/wp-content\/uploads\/2012\/05\/POJER_CAROLA_Demo1.mp3\"><strong>ZWEI<\/strong><\/a><br \/>\n<br class=\"spacer_\" \/>H\u00f6rfunkspot Demo\u00a0<a href=\"http:\/\/www.carolapojer.com\/wp-content\/uploads\/2012\/11\/Pojer_Carola_On.mp3\"><strong>DREI<\/strong><\/a><\/p>\n<p>&nbsp;<\/p>\n<p>Text Demo <a href=\"http:\/\/www.carolapojer.com\/wp-content\/uploads\/2012\/05\/POJER_CAROLA_Demo3.mp3\">EINS<\/a><\/p>\n<p><span style=\"line-height: 19px;\"><br \/>\n<\/span><\/p>\n","protected":false},"excerpt":{"rendered":"<p>&nbsp; NEWS LEBEN \/\/ H\u00f6rfunk Spot 2014 &nbsp; EXPERT \/\/ H\u00f6rfunk Spot &nbsp; NEWS LEBEN \/\/ H\u00f6rfunk Spot &nbsp; STEIRERKRAFT \/\/ H\u00f6rfunk Spot &nbsp; H\u00f6rfunkspot Demo EINS &nbsp; H\u00f6rfunkspot Demo\u00a0ZWEI H\u00f6rfunkspot Demo\u00a0DREI &nbsp; Text Demo EINS<\/p>\n","protected":false},"author":1,"featured_media":0,"parent":0,"menu_order":4,"comment_status":"closed","ping_status":"closed","template":"","meta":{"ngg_post_thumbnail":0,"footnotes":""},"_links":{"self":[{"href":"https:\/\/www.carolapojer.com\/index.php?rest_route=\/wp\/v2\/pages\/35"}],"collection":[{"href":"https:\/\/www.carolapojer.com\/index.php?rest_route=\/wp\/v2\/pages"}],"about":[{"href":"https:\/\/www.carolapojer.com\/index.php?rest_route=\/wp\/v2\/types\/page"}],"author":[{"embeddable":true,"href":"https:\/\/www.carolapojer.com\/index.php?rest_route=\/wp\/v2\/users\/1"}],"replies":[{"embeddable":true,"href":"https:\/\/www.carolapojer.com\/index.php?rest_route=%2Fwp%2Fv2%2Fcomments&post=35"}],"version-history":[{"count":62,"href":"https:\/\/www.carolapojer.com\/index.php?rest_route=\/wp\/v2\/pages\/35\/revisions"}],"predecessor-version":[{"id":1448,"href":"https:\/\/www.carolapojer.com\/index.php?rest_route=\/wp\/v2\/pages\/35\/revisions\/1448"}],"wp:attachment":[{"href":"https:\/\/www.carolapojer.com\/index.php?rest_route=%2Fwp%2Fv2%2Fmedia&parent=35"}],"curies":[{"name":"wp","href":"https:\/\/api.w.org\/{rel}","templated":true}]}}